{"id":1003,"date":"2021-04-19T03:36:40","date_gmt":"2021-04-19T03:36:40","guid":{"rendered":"http:\/\/wirtshaus-am-spitalplatz.de\/?page_id=1003"},"modified":"2026-01-14T17:40:17","modified_gmt":"2026-01-14T17:40:17","slug":"stellenangebote","status":"publish","type":"page","link":"http:\/\/wirtshaus-am-spitalplatz.de\/?page_id=1003","title":{"rendered":"Stellenangebote"},"content":{"rendered":"<p><span style=\"color: #800000;\"><strong>Wir suchen dringend Verst\u00e4rkung im Service (m\/w\/d &#8211; Teilzeit\/Minijob)<\/strong><\/span><\/p>\n<p><span style=\"color: #800000;\">Du bist mindestens 18 Jahre alt?\u00a0<\/span><\/p>\n<p><span style=\"color: #800000;\">Du kannst die Grundrechenarten?<\/span><\/p>\n<p><span style=\"color: #800000;\">Du kannst Wiener Schnitzel von Frittatensuppe unterscheiden? <\/span><\/p>\n<p><span style=\"color: #800000;\">Du kannst Dich in deutscher Sprache h\u00f6flich und f\u00fcr alle verst\u00e4ndlich in Worten ausdr\u00fccken?<\/span><\/p>\n<p><span style=\"color: #800000;\">Du hast Ahnung, was Weine sind?<\/span><\/p>\n<p><span style=\"color: #800000;\">Du bist gerne in einem Tollhaus?<\/span><\/p>\n<p><span style=\"color: #800000;\">Du bist bereit, drei bis viermal in der Woche zu arbeiten und schaffst das auch \u00fcber mehrere Monate hinweg?<\/span><\/p>\n<p><span style=\"color: #800000;\">Du hast vielleich sogar eine Ausbildung als Restaurantfachmann -frau? Das w\u00e4re toll!<\/span><\/p>\n<p>&nbsp;<\/p>\n<p><span style=\"color: #800000;\">Dann melde Dich dringend bei uns &#8211; unsere G\u00e4ste w\u00fcrden sich narrisch freuen, wenn Du zu uns ins Team kommst!\u00a0 <\/span><\/p>\n<p><span style=\"color: #800000;\">Gerne einfach bei uns vorbeikommen oder E-Mail schreiben an: info@wirtshaus-am-spitalplatz.de<\/span><\/p>\n","protected":false},"excerpt":{"rendered":"<p>Wir suchen dringend Verst\u00e4rkung im Service (m\/w\/d &#8211; Teilzeit\/Minijob) Du bist mindestens 18 Jahre alt?\u00a0 Du kannst die Grundrechenarten? Du kannst Wiener Schnitzel von Frittatensuppe unterscheiden? Du kannst Dich in deutscher Sprache h\u00f6flich und f\u00fcr alle verst\u00e4ndlich in Worten ausdr\u00fccken? Du hast Ahnung, was Weine sind? Du bist gerne in einem Tollhaus? Du bist bereit, [&hellip;]<\/p>\n","protected":false},"author":1,"featured_media":0,"parent":0,"menu_order":0,"comment_status":"closed","ping_status":"closed","template":"","meta":[],"_links":{"self":[{"href":"http:\/\/wirtshaus-am-spitalplatz.de\/index.php?rest_route=\/wp\/v2\/pages\/1003"}],"collection":[{"href":"http:\/\/wirtshaus-am-spitalplatz.de\/index.php?rest_route=\/wp\/v2\/pages"}],"about":[{"href":"http:\/\/wirtshaus-am-spitalplatz.de\/index.php?rest_route=\/wp\/v2\/types\/page"}],"author":[{"embeddable":true,"href":"http:\/\/wirtshaus-am-spitalplatz.de\/index.php?rest_route=\/wp\/v2\/users\/1"}],"replies":[{"embeddable":true,"href":"http:\/\/wirtshaus-am-spitalplatz.de\/index.php?rest_route=%2Fwp%2Fv2%2Fcomments&post=1003"}],"version-history":[{"count":16,"href":"http:\/\/wirtshaus-am-spitalplatz.de\/index.php?rest_route=\/wp\/v2\/pages\/1003\/revisions"}],"predecessor-version":[{"id":1327,"href":"http:\/\/wirtshaus-am-spitalplatz.de\/index.php?rest_route=\/wp\/v2\/pages\/1003\/revisions\/1327"}],"wp:attachment":[{"href":"http:\/\/wirtshaus-am-spitalplatz.de\/index.php?rest_route=%2Fwp%2Fv2%2Fmedia&parent=1003"}],"curies":[{"name":"wp","href":"https:\/\/api.w.org\/{rel}","templated":true}]}}